{"id":6,"date":"2012-04-14T20:02:15","date_gmt":"2012-04-14T23:02:15","guid":{"rendered":"http:\/\/localhost\/wordpress\/?page_id=6"},"modified":"2025-11-07T15:47:52","modified_gmt":"2025-11-07T18:47:52","slug":"cursos","status":"publish","type":"page","link":"https:\/\/www.certask.com.br\/wordpress\/?page_id=6","title":{"rendered":"Cursos"},"content":{"rendered":"<ul>\n<li><a title=\"B\u00e1sico Forma\u00e7\u00e3o Vigilantes 160Hrs\" href=\"https:\/\/www.certask.com.br\/wordpress\/?page_id=26\">Curso de Forma\u00e7\u00e3o de Vigilantes 200h\/aula<\/a><\/li>\n<li><a title=\"Reciclagem Curso Forma\u00e7\u00e3o Vigilantes 30hrs\" href=\"https:\/\/www.certask.com.br\/wordpress\/?page_id=28\">Reciclagem do Curso de Forma\u00e7\u00e3o Vigilantes 50h\/aula<\/a><\/li>\n<li><a title=\"Extens\u00e3o Escolta Armada 50hrs\" href=\"https:\/\/www.certask.com.br\/wordpress\/?page_id=19\">Extens\u00e3o em Escolta Armada 50h\/aula<\/a><\/li>\n<li><a title=\"Extensao Transporte de Valores 50hrs\" href=\"https:\/\/www.certask.com.br\/wordpress\/?page_id=22\">Extens\u00e3o em Transporte de Valores 50h\/aula<\/a><\/li>\n<li><a title=\"Extens\u00e3o Seguran\u00e7a Pessoal Privada 40 hrs\" href=\"https:\/\/www.certask.com.br\/wordpress\/?page_id=24\">Extens\u00e3o em Seguran\u00e7a Pessoal 50h\/aula<\/a><\/li>\n<li><a href=\"https:\/\/www.certask.com.br\/wordpress\/?page_id=504\">Reciclagem de Extens\u00e3o em Escolta Armada 50h\/aula<\/a><\/li>\n<li><a href=\"https:\/\/www.certask.com.br\/wordpress\/?page_id=289\">Reciclagem de Extens\u00e3o em Transporte de Valores 50h\/aula<\/a><\/li>\n<li><a href=\"https:\/\/www.certask.com.br\/wordpress\/?page_id=510\">Reciclagem de Extens\u00e3o em Seguran\u00e7a Pessoal 50h\/aula<\/a><\/li>\n<li><a href=\"https:\/\/www.certask.com.br\/wordpress\/?page_id=512\">Extens\u00e3o em Seguran\u00e7a para Eventos Sociais 50h\/aula<\/a><\/li>\n<li><a href=\"https:\/\/www.certask.com.br\/wordpress\/?page_id=293\">Extens\u00e3o em Equipamentos N\u00e3o Letais 15h\/aula<\/a><\/li>\n<\/ul>\n","protected":false},"excerpt":{"rendered":"<p>Curso de Forma\u00e7\u00e3o de Vigilantes 200h\/aula Reciclagem do Curso de Forma\u00e7\u00e3o Vigilantes 50h\/aula Extens\u00e3o em Escolta Armada 50h\/aula Extens\u00e3o em Transporte de Valores 50h\/aula Extens\u00e3o em Seguran\u00e7a Pessoal 50h\/aula Reciclagem de Extens\u00e3o em Escolta Armada 50h\/aula Reciclagem de Extens\u00e3o em &hellip; <a href=\"https:\/\/www.certask.com.br\/wordpress\/?page_id=6\">Continue lendo <span class=\"meta-nav\">&rarr;<\/span><\/a><\/p>\n","protected":false},"author":1,"featured_media":555,"parent":0,"menu_order":0,"comment_status":"closed","ping_status":"closed","template":"","meta":{"footnotes":""},"class_list":["post-6","page","type-page","status-publish","has-post-thumbnail","hentry"],"_links":{"self":[{"href":"https:\/\/www.certask.com.br\/wordpress\/index.php?rest_route=\/wp\/v2\/pages\/6","targetHints":{"allow":["GET"]}}],"collection":[{"href":"https:\/\/www.certask.com.br\/wordpress\/index.php?rest_route=\/wp\/v2\/pages"}],"about":[{"href":"https:\/\/www.certask.com.br\/wordpress\/index.php?rest_route=\/wp\/v2\/types\/page"}],"author":[{"embeddable":true,"href":"https:\/\/www.certask.com.br\/wordpress\/index.php?rest_route=\/wp\/v2\/users\/1"}],"replies":[{"embeddable":true,"href":"https:\/\/www.certask.com.br\/wordpress\/index.php?rest_route=%2Fwp%2Fv2%2Fcomments&post=6"}],"version-history":[{"count":16,"href":"https:\/\/www.certask.com.br\/wordpress\/index.php?rest_route=\/wp\/v2\/pages\/6\/revisions"}],"predecessor-version":[{"id":566,"href":"https:\/\/www.certask.com.br\/wordpress\/index.php?rest_route=\/wp\/v2\/pages\/6\/revisions\/566"}],"wp:featuredmedia":[{"embeddable":true,"href":"https:\/\/www.certask.com.br\/wordpress\/index.php?rest_route=\/wp\/v2\/media\/555"}],"wp:attachment":[{"href":"https:\/\/www.certask.com.br\/wordpress\/index.php?rest_route=%2Fwp%2Fv2%2Fmedia&parent=6"}],"curies":[{"name":"wp","href":"https:\/\/api.w.org\/{rel}","templated":true}]}}