{"id":36,"date":"2012-04-14T20:39:27","date_gmt":"2012-04-14T23:39:27","guid":{"rendered":"http:\/\/localhost\/wordpress\/?page_id=36"},"modified":"2025-11-07T15:27:07","modified_gmt":"2025-11-07T18:27:07","slug":"salas-de-aula","status":"publish","type":"page","link":"https:\/\/www.certask.com.br\/wordpress\/?page_id=36","title":{"rendered":"Estrutura Certask"},"content":{"rendered":"\n<p>Temos estacionamento, alojamentos masculino\/feminino, cozinha e refeit\u00f3rio.<br \/>Dispomos de salas para aulas te\u00f3ricas, todas com multim\u00eddia. Possu\u00edmos ampla sala para atividades f\u00edsicas e defesa pessoal. Contamos tamb\u00e9m com local para pr\u00e1tica de embarque e desembarque de transporte de valores\/escolta armada, al\u00e9m de espa\u00e7o para corrida, pista para aula pr\u00e1tica de combate a inc\u00eandio e estande de tiro pr\u00f3prio nas depend\u00eancias da escola.\u00a0<\/p>\n","protected":false},"excerpt":{"rendered":"<p>Temos estacionamento, alojamentos masculino\/feminino, cozinha e refeit\u00f3rio.Dispomos de salas para aulas te\u00f3ricas, todas com multim\u00eddia. Possu\u00edmos ampla sala para atividades f\u00edsicas e defesa pessoal. Contamos tamb\u00e9m com local para pr\u00e1tica de embarque e desembarque de transporte de valores\/escolta armada, al\u00e9m &hellip; <a href=\"https:\/\/www.certask.com.br\/wordpress\/?page_id=36\">Continue lendo <span class=\"meta-nav\">&rarr;<\/span><\/a><\/p>\n","protected":false},"author":1,"featured_media":555,"parent":0,"menu_order":0,"comment_status":"closed","ping_status":"closed","template":"onecolumn-page.php","meta":{"footnotes":""},"class_list":["post-36","page","type-page","status-publish","has-post-thumbnail","hentry"],"_links":{"self":[{"href":"https:\/\/www.certask.com.br\/wordpress\/index.php?rest_route=\/wp\/v2\/pages\/36","targetHints":{"allow":["GET"]}}],"collection":[{"href":"https:\/\/www.certask.com.br\/wordpress\/index.php?rest_route=\/wp\/v2\/pages"}],"about":[{"href":"https:\/\/www.certask.com.br\/wordpress\/index.php?rest_route=\/wp\/v2\/types\/page"}],"author":[{"embeddable":true,"href":"https:\/\/www.certask.com.br\/wordpress\/index.php?rest_route=\/wp\/v2\/users\/1"}],"replies":[{"embeddable":true,"href":"https:\/\/www.certask.com.br\/wordpress\/index.php?rest_route=%2Fwp%2Fv2%2Fcomments&post=36"}],"version-history":[{"count":11,"href":"https:\/\/www.certask.com.br\/wordpress\/index.php?rest_route=\/wp\/v2\/pages\/36\/revisions"}],"predecessor-version":[{"id":535,"href":"https:\/\/www.certask.com.br\/wordpress\/index.php?rest_route=\/wp\/v2\/pages\/36\/revisions\/535"}],"wp:featuredmedia":[{"embeddable":true,"href":"https:\/\/www.certask.com.br\/wordpress\/index.php?rest_route=\/wp\/v2\/media\/555"}],"wp:attachment":[{"href":"https:\/\/www.certask.com.br\/wordpress\/index.php?rest_route=%2Fwp%2Fv2%2Fmedia&parent=36"}],"curies":[{"name":"wp","href":"https:\/\/api.w.org\/{rel}","templated":true}]}}