{"id":2,"date":"2012-04-13T00:29:28","date_gmt":"2012-04-13T00:29:28","guid":{"rendered":"http:\/\/localhost\/wordpress\/?page_id=2"},"modified":"2025-11-07T15:20:02","modified_gmt":"2025-11-07T18:20:02","slug":"historico","status":"publish","type":"page","link":"https:\/\/www.certask.com.br\/wordpress\/","title":{"rendered":"Hist\u00f3rico"},"content":{"rendered":"\n<p><\/p>\n\n\n\n<p>H\u00e1 30 anos uma refer\u00eancia na forma\u00e7\u00e3o de vigilantes<\/p>\n\n\n\n<p>A escola Certask Centro de Forma\u00e7\u00e3o de Vigilantes comemorou no \u00faltimo dia 6 de outubro seus 30 anos de atua\u00e7\u00e3o. Publicado em 1995 a sua autoriza\u00e7\u00e3o de funcionamento pelo Minist\u00e9rio da Justi\u00e7a e Pol\u00edcia Federal. Nesta trajet\u00f3ria, consolidou-se como um dos mais reconhecidos empreendimentos de sua \u00e1rea de atua\u00e7\u00e3o proporcionando a forma\u00e7\u00e3o de vigilantes para empresas de todo pa\u00eds, atendendo alunos atuantes em todo estado, principalmente nos vales do Rio Pardo, Taquari e Jacu\u00ed.<\/p>\n\n\n\n<p>Sempre primando pela excel\u00eancia na prepara\u00e7\u00e3o dos novos profissionais, valorizando aspectos como urbanidade, honestidade e coragem, a Certask segue firme no seu prop\u00f3sito. Conforme o professor, diretor e fundador Danilo Jos\u00e9 Kolling, seu objetivo \u00e9 continuar trabalhando para formar vigilantes para atender as demandas na \u00e1rea, especialmente diante do crescimento da inseguran\u00e7a social e patrimonial.<\/p>\n\n\n\n<p>Lembrando que a seguran\u00e7a deve estar em primeiro lugar, Kolling conta como foi a origem do centro de forma\u00e7\u00e3o. Na d\u00e9cada de 1990, quando j\u00e1 atuava a mais de 20 anos no Senai como agente de treinamento, e tamb\u00e9m na estrutura\u00e7\u00e3o de novas escolas no Estado. Obteve diversas experi\u00eancias internacionais com forma\u00e7\u00e3o profissional. Devido ao crescimento econ\u00f4mico da \u00e9poca e falta de seguran\u00e7a patrimonial nas empresas associadas a baixa seguran\u00e7a p\u00fablica, ele criou a Certask \u2013 Centro Regional de Treinamento de Adultos Santa Cruz Kolling. Desde ent\u00e3o foi aprimorando seu trabalho e hoje \u00e9 um dos nomes mais conceituados e tradicionais na seguran\u00e7a privada.<\/p>\n\n\n\n<p>Nestes 30 anos, in\u00fameros profissionais se formaram especialmente no curso B\u00e1sico de Forma\u00e7\u00e3o de Vigilantes e tamb\u00e9m nos de Reciclagem (necess\u00e1rios a cada dois anos), Extens\u00f5es \u2013 em Transporte de Valores, Escolta Armada, Seguran\u00e7a Pessoal, Seguran\u00e7a para Eventos Sociais e Equipamentos N\u00e3o Letais. Para Kolling, isso s\u00f3 foi poss\u00edvel gra\u00e7as \u00e0 dedica\u00e7\u00e3o de todos os colaboradores, em especial aos alunos, nosso administrativo, instrutores, empresas, psic\u00f3logas, m\u00e9dicos, familiares, Pol\u00edcia Federal e \u00f3rg\u00e3os p\u00fablicos. Contando com uma estrutura qualificada e instrutores altamente capacitados, o Certask oferece cursos que s\u00e3o uma oportunidade para ingressar ou se manter no mercado de trabalho no ramo da seguran\u00e7a privada.<\/p>\n\n\n","protected":false},"excerpt":{"rendered":"<p>H\u00e1 30 anos uma refer\u00eancia na forma\u00e7\u00e3o de vigilantes A escola Certask Centro de Forma\u00e7\u00e3o de Vigilantes comemorou no \u00faltimo dia 6 de outubro seus 30 anos de atua\u00e7\u00e3o. Publicado em 1995 a sua autoriza\u00e7\u00e3o de funcionamento pelo Minist\u00e9rio da &hellip; <a href=\"https:\/\/www.certask.com.br\/wordpress\/\">Continue lendo <span class=\"meta-nav\">&rarr;<\/span><\/a><\/p>\n","protected":false},"author":1,"featured_media":557,"parent":0,"menu_order":0,"comment_status":"closed","ping_status":"closed","template":"","meta":{"footnotes":""},"class_list":["post-2","page","type-page","status-publish","has-post-thumbnail","hentry"],"_links":{"self":[{"href":"https:\/\/www.certask.com.br\/wordpress\/index.php?rest_route=\/wp\/v2\/pages\/2","targetHints":{"allow":["GET"]}}],"collection":[{"href":"https:\/\/www.certask.com.br\/wordpress\/index.php?rest_route=\/wp\/v2\/pages"}],"about":[{"href":"https:\/\/www.certask.com.br\/wordpress\/index.php?rest_route=\/wp\/v2\/types\/page"}],"author":[{"embeddable":true,"href":"https:\/\/www.certask.com.br\/wordpress\/index.php?rest_route=\/wp\/v2\/users\/1"}],"replies":[{"embeddable":true,"href":"https:\/\/www.certask.com.br\/wordpress\/index.php?rest_route=%2Fwp%2Fv2%2Fcomments&post=2"}],"version-history":[{"count":14,"href":"https:\/\/www.certask.com.br\/wordpress\/index.php?rest_route=\/wp\/v2\/pages\/2\/revisions"}],"predecessor-version":[{"id":559,"href":"https:\/\/www.certask.com.br\/wordpress\/index.php?rest_route=\/wp\/v2\/pages\/2\/revisions\/559"}],"wp:featuredmedia":[{"embeddable":true,"href":"https:\/\/www.certask.com.br\/wordpress\/index.php?rest_route=\/wp\/v2\/media\/557"}],"wp:attachment":[{"href":"https:\/\/www.certask.com.br\/wordpress\/index.php?rest_route=%2Fwp%2Fv2%2Fmedia&parent=2"}],"curies":[{"name":"wp","href":"https:\/\/api.w.org\/{rel}","templated":true}]}}