{"id":19,"date":"2012-04-14T20:33:34","date_gmt":"2012-04-14T23:33:34","guid":{"rendered":"http:\/\/localhost\/wordpress\/?page_id=19"},"modified":"2025-11-07T15:26:10","modified_gmt":"2025-11-07T18:26:10","slug":"eea","status":"publish","type":"page","link":"https:\/\/www.certask.com.br\/wordpress\/?page_id=19","title":{"rendered":"Extens\u00e3o em Escolta Armada 50h\/aula"},"content":{"rendered":"<p><strong>Requisitos para realizar o curso<\/strong>:<\/p>\n<p>Ter conclu\u00eddo o Curso de Forma\u00e7\u00e3o de Vigilante &#8211; CFV.<\/p>\n<p>OBJETIVO<\/p>\n<p>Dotar o aluno de conhecimentos, t\u00e9cnicas, habilidades e atitudes que o capacitem para o exerc\u00edcio da atividade de escolta armada, adotando medidas preventivas e repressivas ante aos poss\u00edveis ataques.<\/p>\n<p><strong>Homologa\u00e7\u00e3o<\/strong>: para a aprova\u00e7\u00e3o no curso o aluno dever\u00e1 possuir no m\u00ednimo 90% de frequ\u00eancia, obter no m\u00ednimo a nota 6\/10 na prova te\u00f3rica e 6\/10 prova pr\u00e1tica de tiro.<\/p>\n<p><strong>Disciplinas ministradas:<\/strong><\/p>\n<ul>\n<li>Legisla\u00e7\u00e3o Aplicada<\/li>\n<li>Escolta Armada<\/li>\n<li>Resolu\u00e7\u00e3o das Situa\u00e7\u00f5es de Emerg\u00eancia<\/li>\n<li>Preven\u00e7\u00e3o e Combate a Inc\u00eandio<\/li>\n<li>Primeiros Socorros<\/li>\n<li>Armamento e Tiro<\/li>\n<\/ul>\n<p><strong>Documenta\u00e7\u00e3o para a realiza\u00e7\u00e3o do curso:<\/strong><\/p>\n<ul>\n<li>Formaliza\u00e7\u00e3o da Inscri\u00e7\u00e3o no Curso;<\/li>\n<li>Carteira de Identidade e CPF \/ ou CNH;<\/li>\n<li>Certificado do Curso de Forma\u00e7\u00e3o;<\/li>\n<li>Dispensa ou Reservista militar (obrigat\u00f3rio para homens de at\u00e9 45 anos);<\/li>\n<li>Comprovante de resid\u00eancia;<\/li>\n<li>Antecedentes Criminais Pol\u00edcia Civil (https:\/\/www.pc.rs.gov.br\/emitir-certidao-de-antecedentes-policiais);<\/li>\n<li>Certid\u00e3o CRIMINAL Negativa da Justi\u00e7a Federal (https:\/\/www2.trf4.jus.br\/trf4\/processos\/certidao\/index.php);<\/li>\n<li>Certid\u00e3o Negativa da Justi\u00e7a Estadual (https:\/\/www.tjrs.jus.br\/novo\/processos-e-servicos\/servicos-processuais\/emissao-de-antecedentes-e-certidoes\/);<\/li>\n<li>Certid\u00e3o de ANTECEDENTES da Justi\u00e7a Militar Estadual(https:\/\/www.tjmrs.jus.br\/certidoes\/solicitar);<\/li>\n<li>Certid\u00e3o da Justi\u00e7a Militar Uni\u00e3o (https:\/\/www.stm.jus.br\/servicos-stm\/certidao-negativa\/emitir-certidao-negativa);<\/li>\n<li>Certid\u00e3o Negativa de Quita\u00e7\u00e3o Eleitoral (http:\/\/www.tse.jus.br\/eleitor\/certidoes\/certidao-de-quitacao-eleitoral);<\/li>\n<li>Exame M\u00e9dico (agendado pela Certask);<\/li>\n<li>Exame Psicol\u00f3gico (agendado pela Certask).<\/li>\n<\/ul>\n","protected":false},"excerpt":{"rendered":"<p>Requisitos para realizar o curso: Ter conclu\u00eddo o Curso de Forma\u00e7\u00e3o de Vigilante &#8211; CFV. OBJETIVO Dotar o aluno de conhecimentos, t\u00e9cnicas, habilidades e atitudes que o capacitem para o exerc\u00edcio da atividade de escolta armada, adotando medidas preventivas e &hellip; <a href=\"https:\/\/www.certask.com.br\/wordpress\/?page_id=19\">Continue lendo <span class=\"meta-nav\">&rarr;<\/span><\/a><\/p>\n","protected":false},"author":1,"featured_media":555,"parent":6,"menu_order":9,"comment_status":"closed","ping_status":"closed","template":"","meta":{"footnotes":""},"class_list":["post-19","page","type-page","status-publish","has-post-thumbnail","hentry"],"_links":{"self":[{"href":"https:\/\/www.certask.com.br\/wordpress\/index.php?rest_route=\/wp\/v2\/pages\/19","targetHints":{"allow":["GET"]}}],"collection":[{"href":"https:\/\/www.certask.com.br\/wordpress\/index.php?rest_route=\/wp\/v2\/pages"}],"about":[{"href":"https:\/\/www.certask.com.br\/wordpress\/index.php?rest_route=\/wp\/v2\/types\/page"}],"author":[{"embeddable":true,"href":"https:\/\/www.certask.com.br\/wordpress\/index.php?rest_route=\/wp\/v2\/users\/1"}],"replies":[{"embeddable":true,"href":"https:\/\/www.certask.com.br\/wordpress\/index.php?rest_route=%2Fwp%2Fv2%2Fcomments&post=19"}],"version-history":[{"count":35,"href":"https:\/\/www.certask.com.br\/wordpress\/index.php?rest_route=\/wp\/v2\/pages\/19\/revisions"}],"predecessor-version":[{"id":502,"href":"https:\/\/www.certask.com.br\/wordpress\/index.php?rest_route=\/wp\/v2\/pages\/19\/revisions\/502"}],"up":[{"embeddable":true,"href":"https:\/\/www.certask.com.br\/wordpress\/index.php?rest_route=\/wp\/v2\/pages\/6"}],"wp:featuredmedia":[{"embeddable":true,"href":"https:\/\/www.certask.com.br\/wordpress\/index.php?rest_route=\/wp\/v2\/media\/555"}],"wp:attachment":[{"href":"https:\/\/www.certask.com.br\/wordpress\/index.php?rest_route=%2Fwp%2Fv2%2Fmedia&parent=19"}],"curies":[{"name":"wp","href":"https:\/\/api.w.org\/{rel}","templated":true}]}}