{"id":180,"date":"2012-04-25T10:38:15","date_gmt":"2012-04-25T13:38:15","guid":{"rendered":"http:\/\/localhost\/certask-old\/?page_id=180"},"modified":"2025-11-07T15:44:27","modified_gmt":"2025-11-07T18:44:27","slug":"contato","status":"publish","type":"page","link":"https:\/\/www.certask.com.br\/wordpress\/?page_id=180","title":{"rendered":"Contato"},"content":{"rendered":"\n<p><strong>Atendimento de segunda a sexta feira, das 8h \u00e0s 11h30 e das 13h30 at\u00e9 \u00e0s 18h.<\/strong><\/p>\n\n\n\n<div class=\"wp-block-buttons is-layout-flex wp-block-buttons-is-layout-flex\">\n<div class=\"wp-block-button\"><a class=\"wp-block-button__link wp-element-button\" href=\"https:\/\/wa.me\/5551999970511\">WhatsApp<\/a><\/div>\n<\/div>\n\n\n\n<div class=\"wp-block-buttons is-layout-flex wp-block-buttons-is-layout-flex\">\n<div class=\"wp-block-button\"><a class=\"wp-block-button__link wp-element-button\" href=\"https:\/\/www.instagram.com\/certask\/\">Instagram<\/a><\/div>\n<\/div>\n\n\n\n<div class=\"wp-block-buttons is-layout-flex wp-block-buttons-is-layout-flex\">\n<div class=\"wp-block-button\"><a class=\"wp-block-button__link wp-element-button\" href=\"https:\/\/www.facebook.com\/certask\/\">Facebook<\/a><\/div>\n<\/div>\n\n\n\n\n\n\n\n\n","protected":false},"excerpt":{"rendered":"<p>Atendimento de segunda a sexta feira, das 8h \u00e0s 11h30 e das 13h30 at\u00e9 \u00e0s 18h.<\/p>\n","protected":false},"author":1,"featured_media":555,"parent":0,"menu_order":7,"comment_status":"closed","ping_status":"closed","template":"","meta":{"footnotes":""},"class_list":["post-180","page","type-page","status-publish","has-post-thumbnail","hentry"],"_links":{"self":[{"href":"https:\/\/www.certask.com.br\/wordpress\/index.php?rest_route=\/wp\/v2\/pages\/180","targetHints":{"allow":["GET"]}}],"collection":[{"href":"https:\/\/www.certask.com.br\/wordpress\/index.php?rest_route=\/wp\/v2\/pages"}],"about":[{"href":"https:\/\/www.certask.com.br\/wordpress\/index.php?rest_route=\/wp\/v2\/types\/page"}],"author":[{"embeddable":true,"href":"https:\/\/www.certask.com.br\/wordpress\/index.php?rest_route=\/wp\/v2\/users\/1"}],"replies":[{"embeddable":true,"href":"https:\/\/www.certask.com.br\/wordpress\/index.php?rest_route=%2Fwp%2Fv2%2Fcomments&post=180"}],"version-history":[{"count":7,"href":"https:\/\/www.certask.com.br\/wordpress\/index.php?rest_route=\/wp\/v2\/pages\/180\/revisions"}],"predecessor-version":[{"id":564,"href":"https:\/\/www.certask.com.br\/wordpress\/index.php?rest_route=\/wp\/v2\/pages\/180\/revisions\/564"}],"wp:featuredmedia":[{"embeddable":true,"href":"https:\/\/www.certask.com.br\/wordpress\/index.php?rest_route=\/wp\/v2\/media\/555"}],"wp:attachment":[{"href":"https:\/\/www.certask.com.br\/wordpress\/index.php?rest_route=%2Fwp%2Fv2%2Fmedia&parent=180"}],"curies":[{"name":"wp","href":"https:\/\/api.w.org\/{rel}","templated":true}]}}